{"id":25951,"date":"2022-05-26T08:49:15","date_gmt":"2022-05-26T08:49:15","guid":{"rendered":"https:\/\/caroldelea.com\/?page_id=25951"},"modified":"2022-09-11T11:10:26","modified_gmt":"2022-09-11T11:10:26","slug":"links","status":"publish","type":"page","link":"https:\/\/caroldelea.com\/en\/links\/","title":{"rendered":"Links"},"content":{"rendered":"\n<p>Salimpour Oriental Dance : <a href=\"http:\/\/www.maelledanse.com\"><strong>http:\/\/www.maelledanse.com.html<\/strong><\/a><\/p>\n\n\n\n<div style=\"height:20px\" aria-hidden=\"true\" class=\"wp-block-spacer\"><\/div>\n\n\n\n<p>Charleroi : Salimpour Oriental Dance: Ana\u00efs: <a rel=\"noreferrer noopener\" href=\"https:\/\/anaisvdanse.wixsite.com\/website\" target=\"_blank\"><strong>anaisvdanse.wixsite.com\/website<\/strong><\/a><\/p>\n\n\n\n<div style=\"height:20px\" aria-hidden=\"true\" class=\"wp-block-spacer\"><\/div>\n\n\n\n<p>Li\u00e8ge : Salimpour Oriental Dance, Tribal Fusion &amp; ATS: D\u00e9borah: <a rel=\"noreferrer noopener\" href=\"http:\/\/aumtribalaum.com\/\" target=\"_blank\"><strong>aumtribalaum.com<\/strong><\/a><\/p>\n\n\n\n<div style=\"height:20px\" aria-hidden=\"true\" class=\"wp-block-spacer\"><\/div>\n\n\n\n<p>R\u00e9gion luxembourgeoise : Salimpour Oriental Dance Myalis Bellydance: <a rel=\"noreferrer noopener\" href=\"http:\/\/www.myalisbellydance.com\/\" target=\"_blank\"><strong>www.myalisbellydance.com<\/strong><\/a><\/p>\n","protected":false},"excerpt":{"rendered":"<p>Salimpour Oriental Dance : http:\/\/www.maelledanse.com.html Charleroi : Salimpour Oriental Dance: Ana\u00efs: anaisvdanse.wixsite.com\/website Li\u00e8ge : Salimpour Oriental Dance, Tribal Fusion &amp; ATS: D\u00e9borah: aumtribalaum.com R\u00e9gion luxembourgeoise : Salimpour Oriental Dance Myalis Bellydance: www.myalisbellydance.com<\/p>\n","protected":false},"author":1,"featured_media":0,"parent":0,"menu_order":0,"comment_status":"closed","ping_status":"open","template":"","meta":{"site-sidebar-layout":"default","site-content-layout":"default","ast-global-header-display":"","ast-main-header-display":"","ast-hfb-above-header-display":"","ast-hfb-below-header-display":"","ast-hfb-mobile-header-display":"","site-post-title":"","ast-breadcrumbs-content":"","ast-featured-img":"","footer-sml-layout":"","theme-transparent-header-meta":"","adv-header-id-meta":"","stick-header-meta":"","header-above-stick-meta":"","header-main-stick-meta":"","header-below-stick-meta":"","footnotes":""},"class_list":["post-25951","page","type-page","status-publish","hentry"],"uagb_featured_image_src":{"full":false,"thumbnail":false,"medium":false,"medium_large":false,"large":false,"1536x1536":false,"2048x2048":false},"uagb_author_info":{"display_name":"admin","author_link":"https:\/\/caroldelea.com\/en\/author\/olivierdegandt\/"},"uagb_comment_info":0,"uagb_excerpt":"Salimpour Oriental Dance : http:\/\/www.maelledanse.com.html Charleroi : Salimpour Oriental Dance: Ana\u00efs: anaisvdanse.wixsite.com\/website Li\u00e8ge : Salimpour Oriental Dance, Tribal Fusion &amp; ATS: D\u00e9borah: aumtribalaum.com R\u00e9gion luxembourgeoise : Salimpour Oriental Dance Myalis Bellydance: www.myalisbellydance.com","_links":{"self":[{"href":"https:\/\/caroldelea.com\/en\/wp-json\/wp\/v2\/pages\/25951","targetHints":{"allow":["GET"]}}],"collection":[{"href":"https:\/\/caroldelea.com\/en\/wp-json\/wp\/v2\/pages"}],"about":[{"href":"https:\/\/caroldelea.com\/en\/wp-json\/wp\/v2\/types\/page"}],"author":[{"embeddable":true,"href":"https:\/\/caroldelea.com\/en\/wp-json\/wp\/v2\/users\/1"}],"replies":[{"embeddable":true,"href":"https:\/\/caroldelea.com\/en\/wp-json\/wp\/v2\/comments?post=25951"}],"version-history":[{"count":8,"href":"https:\/\/caroldelea.com\/en\/wp-json\/wp\/v2\/pages\/25951\/revisions"}],"predecessor-version":[{"id":26281,"href":"https:\/\/caroldelea.com\/en\/wp-json\/wp\/v2\/pages\/25951\/revisions\/26281"}],"wp:attachment":[{"href":"https:\/\/caroldelea.com\/en\/wp-json\/wp\/v2\/media?parent=25951"}],"curies":[{"name":"wp","href":"https:\/\/api.w.org\/{rel}","templated":true}]}}